{"id":2,"date":"2017-08-24T11:54:40","date_gmt":"2017-08-24T17:54:40","guid":{"rendered":"http:\/\/www.tecnocorrugados.com\/site\/?page_id=2"},"modified":"2024-07-18T14:45:27","modified_gmt":"2024-07-18T20:45:27","slug":"pagina-ejemplo","status":"publish","type":"page","link":"https:\/\/www.tecnocorrugados.com\/site\/","title":{"rendered":"Inicio"},"content":{"rendered":"<p>[vc_row css=&#8221;.vc_custom_1504130043025{margin-top: -100px !important;}&#8221;][vc_column][vc_column_text]<link href=\"https:\/\/fonts.googleapis.com\/css?family=Open+Sans%3A400%2C600\" rel=\"stylesheet\" property=\"stylesheet\" type=\"text\/css\" media=\"all\" \/>\n<div id=\"rev_slider_1_1_wrapper\" class=\"rev_slider_wrapper fullwidthbanner-container\" style=\"margin:0px auto;background-color:transparent;padding:0px;margin-top:0px;margin-bottom:0px;\">\n<!-- START REVOLUTION SLIDER 5.2.6 fullwidth mode -->\n\t<div id=\"rev_slider_1_1\" class=\"rev_slider fullwidthabanner\" style=\"display:none;\" data-version=\"5.2.6\">\n<ul>\t<!-- SLIDE  -->\n\t<li data-index=\"rs-1\" data-transition=\"fade\" data-slotamount=\"default\" data-hideafterloop=\"0\" data-hideslideonmobile=\"off\"  data-easein=\"default\" data-easeout=\"default\" data-masterspeed=\"300\"  data-thumb=\"https:\/\/www.tecnocorrugados.com\/site\/wp-content\/uploads\/2017\/08\/planta-def-100x50.jpg\"  data-rotate=\"0\"  data-saveperformance=\"off\"  data-title=\"Slide\" data-param1=\"\" data-param2=\"\" data-param3=\"\" data-param4=\"\" data-param5=\"\" data-param6=\"\" data-param7=\"\" data-param8=\"\" data-param9=\"\" data-param10=\"\" data-description=\"\">\n\t\t<!-- MAIN IMAGE -->\n\t\t<img loading=\"lazy\" decoding=\"async\" src=\"https:\/\/www.tecnocorrugados.com\/site\/wp-content\/uploads\/2017\/08\/planta-def.jpg\"  alt=\"\" title=\"planta def\"  width=\"4544\" height=\"1584\" data-bgposition=\"center center\" data-kenburns=\"on\" data-duration=\"10000\" data-ease=\"Linear.easeNone\" data-scalestart=\"100\" data-scaleend=\"120\" data-rotatestart=\"0\" data-rotateend=\"0\" data-offsetstart=\"100 100\" data-offsetend=\"1130 130\" data-bgparallax=\"4\" class=\"rev-slidebg\" data-no-retina>\n\t\t<!-- LAYERS -->\n\n\t\t<!-- LAYER NR. 1 -->\n\t\t<div class=\"tp-caption News-Title   tp-resizeme\" \n\t\t\t id=\"slide-1-layer-1\" \n\t\t\t data-x=\"center\" data-hoffset=\"\" \n\t\t\t data-y=\"215\" \n\t\t\t\t\t\tdata-width=\"['1095']\"\n\t\t\tdata-height=\"['122']\"\n\t\t\tdata-transform_idle=\"o:1;\"\n \n\t\t\t data-transform_in=\"y:[100%];z:0;rX:0deg;rY:0;rZ:0;sX:1;sY:1;skX:0;skY:0;opacity:0;s:2000;e:Power2.easeInOut;\" \n\t\t\t data-transform_out=\"opacity:0;s:300;\" \n\t\t\t data-mask_in=\"x:0px;y:[100%];s:inherit;e:inherit;\" \n\t\t\tdata-start=\"500\" \n\t\t\tdata-splitin=\"none\" \n\t\t\tdata-splitout=\"none\" \n\t\t\tdata-responsive_offset=\"on\" \n\n\t\t\t\n\t\t\tstyle=\"z-index: 5; min-width: 1095px; max-width: 1095px; max-width: 122px; max-width: 122px; white-space: normal;font-family:Open Sans;text-shadow:2px 2px black;\">Bienvenidos a Tecno Corrugados <\/div>\n\n\t\t<!-- LAYER NR. 2 -->\n\t\t<div class=\"tp-caption Video-SubTitle   tp-resizeme\" \n\t\t\t id=\"slide-1-layer-4\" \n\t\t\t data-x=\"center\" data-hoffset=\"\" \n\t\t\t data-y=\"314\" \n\t\t\t\t\t\tdata-width=\"['1125']\"\n\t\t\tdata-height=\"['55']\"\n\t\t\tdata-transform_idle=\"o:1;tO:-20% 50%;\"\n \n\t\t\t data-transform_in=\"y:[100%];z:0;rX:0deg;rY:0;rZ:0;sX:1;sY:1;skX:0;skY:0;opacity:0;s:3630;e:Power2.easeInOut;\" \n\t\t\t data-transform_out=\"opacity:0;s:300;\" \n\t\t\t data-mask_in=\"x:0px;y:[100%];\" \n\t\t\tdata-start=\"500\" \n\t\t\tdata-splitin=\"none\" \n\t\t\tdata-splitout=\"none\" \n\t\t\tdata-responsive_offset=\"on\" \n\n\t\t\t\n\t\t\tstyle=\"z-index: 6; min-width: 1125px; max-width: 1125px; max-width: 55px; max-width: 55px; white-space: normal; font-size: 22px; line-height: 22px;font-family:Open Sans;text-align:center;text-shadow:2px 2px black;\"> Fabricamos empaques de cart\u00f3n buscando satisfacer las expectativas de nuestros clientes y mejorar continuamente cumpliendo nuestros objetivos de calidad. <\/div>\n\t<\/li>\n<\/ul>\n<script>var htmlDiv = document.getElementById(\"rs-plugin-settings-inline-css\"); var htmlDivCss=\"\";\n\t\t\t\t\t\tif(htmlDiv) {\n\t\t\t\t\t\t\thtmlDiv.innerHTML = htmlDiv.innerHTML + htmlDivCss;\n\t\t\t\t\t\t}else{\n\t\t\t\t\t\t\tvar htmlDiv = document.createElement(\"div\");\n\t\t\t\t\t\t\thtmlDiv.innerHTML = \"<style>\" + htmlDivCss + \"<\/style>\";\n\t\t\t\t\t\t\tdocument.getElementsByTagName(\"head\")[0].appendChild(htmlDiv.childNodes[0]);\n\t\t\t\t\t\t}\n\t\t\t\t\t<\/script>\n<div class=\"tp-bannertimer\" style=\"height: 5px; background-color: rgba(0, 0, 0, 0.15);\"><\/div>\t<\/div>\n<script>var htmlDiv = document.getElementById(\"rs-plugin-settings-inline-css\"); var htmlDivCss=\".tp-caption.News-Title,.News-Title{color:rgba(255,255,255,1.00);font-size:70px;line-height:60px;font-weight:400;font-style:normal;font-family:Roboto Slab;padding:0px 0px 0px 0px;text-decoration:none;background-color:transparent;border-color:transparent;border-style:none;border-width:0px;border-radius:0px 0px 0px 0px}.tp-caption.Video-SubTitle,.Video-SubTitle{color:rgba(255,255,255,1.00);font-size:12px;line-height:12px;font-weight:600;font-style:normal;font-family:Raleway;padding:5px 5px 5px 5px;text-decoration:none;text-align:left;background-color:rgba(0,0,0,0.35);border-color:transparent;border-style:none;border-width:0px;border-radius:0px 0px 0px 0px;letter-spacing:2px}\";\n\t\t\t\tif(htmlDiv) {\n\t\t\t\t\thtmlDiv.innerHTML = htmlDiv.innerHTML + htmlDivCss;\n\t\t\t\t}else{\n\t\t\t\t\tvar htmlDiv = document.createElement(\"div\");\n\t\t\t\t\thtmlDiv.innerHTML = \"<style>\" + htmlDivCss + \"<\/style>\";\n\t\t\t\t\tdocument.getElementsByTagName(\"head\")[0].appendChild(htmlDiv.childNodes[0]);\n\t\t\t\t}\n\t\t\t<\/script>\n\t\t<script type=\"text\/javascript\">\n\t\t\t\t\t\t\/******************************************\n\t\t\t\t-\tPREPARE PLACEHOLDER FOR SLIDER\t-\n\t\t\t******************************************\/\n\n\t\t\tvar setREVStartSize=function(){\n\t\t\t\ttry{var e=new Object,i=jQuery(window).width(),t=9999,r=0,n=0,l=0,f=0,s=0,h=0;\n\t\t\t\t\te.c = jQuery('#rev_slider_1_1');\n\t\t\t\t\te.gridwidth = [1240];\n\t\t\t\t\te.gridheight = [500];\n\t\t\t\t\t\t\t\n\t\t\t\t\te.sliderLayout = \"fullwidth\";\n\t\t\t\t\tif(e.responsiveLevels&&(jQuery.each(e.responsiveLevels,function(e,f){f>i&&(t=r=f,l=e),i>f&&f>r&&(r=f,n=e)}),t>r&&(l=n)),f=e.gridheight[l]||e.gridheight[0]||e.gridheight,s=e.gridwidth[l]||e.gridwidth[0]||e.gridwidth,h=i\/s,h=h>1?1:h,f=Math.round(h*f),\"fullscreen\"==e.sliderLayout){var u=(e.c.width(),jQuery(window).height());if(void 0!=e.fullScreenOffsetContainer){var c=e.fullScreenOffsetContainer.split(\",\");if (c) jQuery.each(c,function(e,i){u=jQuery(i).length>0?u-jQuery(i).outerHeight(!0):u}),e.fullScreenOffset.split(\"%\").length>1&&void 0!=e.fullScreenOffset&&e.fullScreenOffset.length>0?u-=jQuery(window).height()*parseInt(e.fullScreenOffset,0)\/100:void 0!=e.fullScreenOffset&&e.fullScreenOffset.length>0&&(u-=parseInt(e.fullScreenOffset,0))}f=u}else void 0!=e.minHeight&&f<e.minHeight&&(f=e.minHeight);e.c.closest(\".rev_slider_wrapper\").css({height:f})\n\t\t\t\t\t\n\t\t\t\t}catch(d){console.log(\"Failure at Presize of Slider:\"+d)}\n\t\t\t};\n\t\t\t\n\t\t\tsetREVStartSize();\n\t\t\t\n\t\t\t\t\t\tvar tpj=jQuery;\n\t\t\t\n\t\t\tvar revapi1;\n\t\t\ttpj(document).ready(function() {\n\t\t\t\tif(tpj(\"#rev_slider_1_1\").revolution == undefined){\n\t\t\t\t\trevslider_showDoubleJqueryError(\"#rev_slider_1_1\");\n\t\t\t\t}else{\n\t\t\t\t\trevapi1 = tpj(\"#rev_slider_1_1\").show().revolution({\n\t\t\t\t\t\tsliderType:\"standard\",\njsFileLocation:\"\/\/www.tecnocorrugados.com\/site\/wp-content\/plugins\/revslider\/public\/assets\/js\/\",\n\t\t\t\t\t\tsliderLayout:\"fullwidth\",\n\t\t\t\t\t\tdottedOverlay:\"none\",\n\t\t\t\t\t\tdelay:9000,\n\t\t\t\t\t\tnavigation: {\n\t\t\t\t\t\t\tkeyboardNavigation:\"off\",\n\t\t\t\t\t\t\tkeyboard_direction: \"horizontal\",\n\t\t\t\t\t\t\tmouseScrollNavigation:\"off\",\n \t\t\t\t\t\t\tmouseScrollReverse:\"default\",\n\t\t\t\t\t\t\tonHoverStop:\"on\",\n\t\t\t\t\t\t\ttouch:{\n\t\t\t\t\t\t\t\ttouchenabled:\"on\",\n\t\t\t\t\t\t\t\tswipe_threshold: 75,\n\t\t\t\t\t\t\t\tswipe_min_touches: 50,\n\t\t\t\t\t\t\t\tswipe_direction: \"horizontal\",\n\t\t\t\t\t\t\t\tdrag_block_vertical: false\n\t\t\t\t\t\t\t}\n\t\t\t\t\t\t\t,\n\t\t\t\t\t\t\tarrows: {\n\t\t\t\t\t\t\t\tstyle:\"gyges\",\n\t\t\t\t\t\t\t\tenable:true,\n\t\t\t\t\t\t\t\thide_onmobile:true,\n\t\t\t\t\t\t\t\thide_under:600,\n\t\t\t\t\t\t\t\thide_onleave:true,\n\t\t\t\t\t\t\t\thide_delay:200,\n\t\t\t\t\t\t\t\thide_delay_mobile:1200,\n\t\t\t\t\t\t\t\ttmp:'',\n\t\t\t\t\t\t\t\tleft: {\n\t\t\t\t\t\t\t\t\th_align:\"left\",\n\t\t\t\t\t\t\t\t\tv_align:\"center\",\n\t\t\t\t\t\t\t\t\th_offset:30,\n\t\t\t\t\t\t\t\t\tv_offset:0\n\t\t\t\t\t\t\t\t},\n\t\t\t\t\t\t\t\tright: {\n\t\t\t\t\t\t\t\t\th_align:\"right\",\n\t\t\t\t\t\t\t\t\tv_align:\"center\",\n\t\t\t\t\t\t\t\t\th_offset:30,\n\t\t\t\t\t\t\t\t\tv_offset:0\n\t\t\t\t\t\t\t\t}\n\t\t\t\t\t\t\t}\n\t\t\t\t\t\t\t,\n\t\t\t\t\t\t\tbullets: {\n\t\t\t\t\t\t\t\tenable:true,\n\t\t\t\t\t\t\t\thide_onmobile:true,\n\t\t\t\t\t\t\t\thide_under:600,\n\t\t\t\t\t\t\t\tstyle:\"ares\",\n\t\t\t\t\t\t\t\thide_onleave:true,\n\t\t\t\t\t\t\t\thide_delay:200,\n\t\t\t\t\t\t\t\thide_delay_mobile:1200,\n\t\t\t\t\t\t\t\tdirection:\"horizontal\",\n\t\t\t\t\t\t\t\th_align:\"center\",\n\t\t\t\t\t\t\t\tv_align:\"bottom\",\n\t\t\t\t\t\t\t\th_offset:0,\n\t\t\t\t\t\t\t\tv_offset:30,\n\t\t\t\t\t\t\t\tspace:5,\n\t\t\t\t\t\t\t\ttmp:'<span class=\"tp-bullet-title\">{{title}}<\/span>'\n\t\t\t\t\t\t\t}\n\t\t\t\t\t\t},\n\t\t\t\t\t\tvisibilityLevels:[1240,1024,778,480],\n\t\t\t\t\t\tgridwidth:1240,\n\t\t\t\t\t\tgridheight:500,\n\t\t\t\t\t\tlazyType:\"none\",\n\t\t\t\t\t\tparallax: {\n\t\t\t\t\t\t\ttype:\"mouse\",\n\t\t\t\t\t\t\torigo:\"slidercenter\",\n\t\t\t\t\t\t\tspeed:2000,\n\t\t\t\t\t\t\tlevels:[2,3,4,5,6,7,12,16,10,50,47,48,49,50,51,55],\n\t\t\t\t\t\t\ttype:\"mouse\",\n\t\t\t\t\t\t},\n\t\t\t\t\t\tshadow:0,\n\t\t\t\t\t\tspinner:\"off\",\n\t\t\t\t\t\tstopLoop:\"off\",\n\t\t\t\t\t\tstopAfterLoops:-1,\n\t\t\t\t\t\tstopAtSlide:-1,\n\t\t\t\t\t\tshuffle:\"off\",\n\t\t\t\t\t\tautoHeight:\"off\",\n\t\t\t\t\t\thideThumbsOnMobile:\"off\",\n\t\t\t\t\t\thideSliderAtLimit:0,\n\t\t\t\t\t\thideCaptionAtLimit:0,\n\t\t\t\t\t\thideAllCaptionAtLilmit:0,\n\t\t\t\t\t\tdebugMode:false,\n\t\t\t\t\t\tfallbacks: {\n\t\t\t\t\t\t\tsimplifyAll:\"off\",\n\t\t\t\t\t\t\tnextSlideOnWindowFocus:\"off\",\n\t\t\t\t\t\t\tdisableFocusListener:false,\n\t\t\t\t\t\t}\n\t\t\t\t\t});\n\t\t\t\t}\n\t\t\t});\t\/*ready*\/\n\t\t<\/script>\n\t\t<script>\n\t\t\t\t\tvar htmlDivCss = unescape(\"%0A.ares.tp-bullets%20%7B%0A%7D%0A.ares.tp-bullets%3Abefore%20%7B%0A%09content%3A%22%20%22%3B%0A%09position%3Aabsolute%3B%0A%09width%3A100%25%3B%0A%09height%3A100%25%3B%0A%09background%3Atransparent%3B%0A%09padding%3A10px%3B%0A%09margin-left%3A-10px%3Bmargin-top%3A-10px%3B%0A%09box-sizing%3Acontent-box%3B%0A%7D%0A.ares%20.tp-bullet%20%7B%0A%09width%3A13px%3B%0A%09height%3A13px%3B%0A%09position%3Aabsolute%3B%0A%09background%3Argba%28229%2C%20229%2C%20229%2C%201%29%3B%0A%09border-radius%3A50%25%3B%0A%09cursor%3A%20pointer%3B%0A%09box-sizing%3Acontent-box%3B%0A%7D%0A.ares%20.tp-bullet%3Ahover%2C%0A.ares%20.tp-bullet.selected%20%7B%0A%09background%3Argba%28255%2C%20255%2C%20255%2C%201%29%3B%0A%7D%0A.ares%20.tp-bullet-title%20%7B%0A%20%20position%3Aabsolute%3B%0A%20%20color%3A136%2C%20136%2C%20136%3B%0A%20%20font-size%3A12px%3B%0A%20%20padding%3A0px%2010px%3B%0A%20%20font-weight%3A600%3B%0A%20%20right%3A27px%3B%0A%20%20top%3A-4px%3B%20%20%0A%20%20background%3Argba%28255%2C255%2C255%2C0.75%29%3B%0A%20%20visibility%3Ahidden%3B%0A%20%20transform%3Atranslatex%28-20px%29%3B%0A%20%20-webkit-transform%3Atranslatex%28-20px%29%3B%0A%20%20transition%3Atransform%200.3s%3B%0A%20%20-webkit-transition%3Atransform%200.3s%3B%0A%20%20line-height%3A20px%3B%0A%20%20white-space%3Anowrap%3B%0A%7D%20%20%20%20%20%0A%0A.ares%20.tp-bullet-title%3Aafter%20%7B%0A%20%20%20%20width%3A%200px%3B%0A%09height%3A%200px%3B%0A%09border-style%3A%20solid%3B%0A%09border-width%3A%2010px%200%2010px%2010px%3B%0A%09border-color%3A%20transparent%20transparent%20transparent%20rgba%28255%2C255%2C255%2C0.75%29%3B%0A%09content%3A%22%20%22%3B%0A%20%20%20%20position%3Aabsolute%3B%0A%20%20%20%20right%3A-10px%3B%0A%09top%3A0px%3B%0A%7D%0A%20%20%20%20%0A.ares%20.tp-bullet%3Ahover%20.tp-bullet-title%7B%0A%20%20visibility%3Avisible%3B%0A%20%20%20transform%3Atranslatex%280px%29%3B%0A%20%20-webkit-transform%3Atranslatex%280px%29%3B%0A%7D%0A%0A.ares%20.tp-bullet.selected%3Ahover%20.tp-bullet-title%20%7B%0A%20%20%20%20background%3Argba%28255%2C%20255%2C%20255%2C%201%29%3B%7D%0A.ares%20.tp-bullet.selected%3Ahover%20.tp-bullet-title%3Aafter%20%7B%0A%20%20border-color%3Atransparent%20transparent%20transparent%20rgba%28255%2C%20255%2C%20255%2C%201%29%3B%0A%7D%0A.ares.tp-bullets%3Ahover%20.tp-bullet-title%20%7B%0A%20%20visibility%3Ahidden%3B%0A%20%20%0A%7D%0A.ares.tp-bullets%3Ahover%20.tp-bullet%3Ahover%20.tp-bullet-title%20%7B%0A%20%20%20%20visibility%3Avisible%3B%0A%20%20%20%20transform%3AtranslateX%280px%29%20translatey%280px%29%3B%0A%20%20-webkit-transform%3AtranslateX%280px%29%20translatey%280px%29%3B%0A%7D%0A%0A%0A%2F%2A%20VERTICAL%20%2A%2F%0A.ares.nav-dir-vertical.nav-pos-hor-left%20.tp-bullet-title%20%7B%20right%3Aauto%3B%20left%3A27px%3B%20%20transform%3Atranslatex%2820px%29%3B%20-webkit-transform%3Atranslatex%2820px%29%3B%7D%20%20%0A.ares.nav-dir-vertical.nav-pos-hor-left%20.tp-bullet-title%3Aafter%20%7B%20%0A%20%20border-width%3A%2010px%2010px%2010px%200%20%21important%3B%0A%20%20border-color%3A%20transparent%20rgba%28255%2C255%2C255%2C0.75%29%20transparent%20transparent%3B%0A%20%20right%3Aauto%20%21important%3B%0A%20%20left%3A-10px%20%21important%3B%20%20%20%0A%7D%0A.ares.nav-dir-vertical.nav-pos-hor-left%20.tp-bullet.selected%3Ahover%20.tp-bullet-title%3Aafter%20%7B%0A%20%20border-color%3A%20%20transparent%20rgba%28255%2C%20255%2C%20255%2C%201%29%20transparent%20transparent%20%21important%3B%0A%7D%0A%0A%0A%0A%2F%2A%20HORIZONTAL%20BOTTOM%20%26%26%20CENTER%20%2A%2F%0A.ares.nav-dir-horizontal.nav-pos-ver-center%20.tp-bullet-title%2C%0A.ares.nav-dir-horizontal.nav-pos-ver-bottom%20.tp-bullet-title%20%7B%20top%3A-35px%3B%20left%3A50%25%3B%20right%3Aauto%3B%20transform%3A%20translateX%28-50%25%29%20translateY%28-10px%29%3B-webkit-transform%3A%20translateX%28-50%25%29%20translateY%28-10px%29%3B%20%7D%20%20%0A%0A.ares.nav-dir-horizontal.nav-pos-ver-center%20.tp-bullet-title%3Aafter%2C%0A.ares.nav-dir-horizontal.nav-pos-ver-bottom%20.tp-bullet-title%3Aafter%20%7B%20%0A%20%20border-width%3A%2010px%2010px%200px%2010px%3B%0A%20%20border-color%3A%20rgba%28255%2C255%2C255%2C0.75%29%20transparent%20transparent%20transparent%3B%0A%20%20right%3Aauto%3B%0A%20%20left%3A50%25%3B%0A%20%20margin-left%3A-10px%3B%0A%20%20top%3Aauto%3B%0A%20%20bottom%3A-10px%3B%0A%20%20%20%20%0A%7D%0A.ares.nav-dir-horizontal.nav-pos-ver-center%20.tp-bullet.selected%3Ahover%20.tp-bullet-title%3Aafter%2C%0A.ares.nav-dir-horizontal.nav-pos-ver-bottom%20.tp-bullet.selected%3Ahover%20.tp-bullet-title%3Aafter%20%7B%0A%20%20border-color%3A%20%20rgba%28255%2C%20255%2C%20255%2C%201%29%20transparent%20transparent%20transparent%3B%0A%7D%0A%0A.ares.nav-dir-horizontal.nav-pos-ver-center%20.tp-bullet%3Ahover%20.tp-bullet-title%2C%0A.ares.nav-dir-horizontal.nav-pos-ver-bottom%20.tp-bullet%3Ahover%20.tp-bullet-title%7B%0A%20%20%20transform%3AtranslateX%28-50%25%29%20translatey%280px%29%3B%0A%20%20-webkit-transform%3AtranslateX%28-50%25%29%20translatey%280px%29%3B%0A%7D%0A%0A%0A%2F%2A%20HORIZONTAL%20TOP%20%2A%2F%0A.ares.nav-dir-horizontal.nav-pos-ver-top%20.tp-bullet-title%20%7B%20top%3A25px%3B%20left%3A50%25%3B%20right%3Aauto%3B%20transform%3A%20translateX%28-50%25%29%20translateY%2810px%29%3B-webkit-transform%3A%20translateX%28-50%25%29%20translateY%2810px%29%3B%20%7D%20%20%0A.ares.nav-dir-horizontal.nav-pos-ver-top%20.tp-bullet-title%3Aafter%20%7B%20%0A%20%20border-width%3A%200%2010px%2010px%2010px%3B%0A%20%20border-color%3A%20%20transparent%20transparent%20rgba%28255%2C255%2C255%2C0.75%29%20transparent%3B%0A%20%20right%3Aauto%3B%0A%20%20left%3A50%25%3B%0A%20%20margin-left%3A-10px%3B%0A%20%20bottom%3Aauto%3B%0A%20%20top%3A-10px%3B%0A%20%20%20%20%0A%7D%0A.ares.nav-dir-horizontal.nav-pos-ver-top%20.tp-bullet.selected%3Ahover%20.tp-bullet-title%3Aafter%20%7B%0A%20%20border-color%3A%20%20transparent%20transparent%20%20rgba%28255%2C%20255%2C%20255%2C%201%29%20transparent%3B%0A%7D%0A%0A.ares.nav-dir-horizontal.nav-pos-ver-top%20.tp-bullet%3Ahover%20.tp-bullet-title%7B%0A%20%20%20transform%3AtranslateX%28-50%25%29%20translatey%280px%29%3B%0A%20%20-webkit-transform%3AtranslateX%28-50%25%29%20translatey%280px%29%3B%0A%7D%0A%0A%0A\");\n\t\t\t\t\tvar htmlDiv = document.getElementById('rs-plugin-settings-inline-css');\n\t\t\t\t\tif(htmlDiv) {\n\t\t\t\t\t\thtmlDiv.innerHTML = htmlDiv.innerHTML + htmlDivCss;\n\t\t\t\t\t}\n\t\t\t\t\telse{\n\t\t\t\t\t\tvar htmlDiv = document.createElement('div');\n\t\t\t\t\t\thtmlDiv.innerHTML = '<style>' + htmlDivCss + '<\/style>';\n\t\t\t\t\t\tdocument.getElementsByTagName('head')[0].appendChild(htmlDiv.childNodes[0]);\n\t\t\t\t\t}\n\t\t\t\t  <\/script>\n\t\t\t\t<\/div><!-- END REVOLUTION SLIDER -->[\/vc_column_text][\/vc_column][\/vc_row][vc_row][vc_column width=&#8221;1\/2&#8243;][vc_single_image image=&#8221;23&#8243; img_size=&#8221;full&#8221;][\/vc_column][vc_column width=&#8221;1\/2&#8243;][vc_cta h2=&#8221;&#8221; txt_align=&#8221;justify&#8221; color=&#8221;white&#8221; add_icon=&#8221;top&#8221; i_icon_fontawesome=&#8221;fa fa-inbox&#8221; i_color=&#8221;black&#8221; i_size=&#8221;xl&#8221;]Tecno Corrugados inicia en el a\u00f1o 2000 siendo una empresa 100% Chihuahuense dedicada a dar una soluci\u00f3n integral a las necesidades de empaque del mercado nacional e internacional tanto en productos de cart\u00f3n corrugado como de otros materiales.<\/p>\n<p>Desde el entonces centramos nuestro esfuerzo en proporcionar a nuestros clientes un servicio flexible, personalizado y una r\u00e1pida respuesta a cambios, basados en una filosof\u00eda justo a tiempo.[\/vc_cta][\/vc_column][\/vc_row][vc_row][vc_column][vc_single_image image=&#8221;139&#8243; img_size=&#8221;full&#8221;][\/vc_column][\/vc_row]<\/p>\n","protected":false},"excerpt":{"rendered":"<p>[vc_row css=&#8221;.vc_custom_1504130043025{margin-top: -100px !important;}&#8221;][vc_column][vc_column_text][\/vc_column_text][\/vc_column][\/vc_row][vc_row][vc_column width=&#8221;1\/2&#8243;][vc_single_image image=&#8221;23&#8243; img_size=&#8221;full&#8221;][\/vc_column][vc_column width=&#8221;1\/2&#8243;][vc_cta h2=&#8221;&#8221; txt_align=&#8221;justify&#8221; color=&#8221;white&#8221; add_icon=&#8221;top&#8221; i_icon_fontawesome=&#8221;fa fa-inbox&#8221; i_color=&#8221;black&#8221; i_size=&#8221;xl&#8221;]Tecno Corrugados inicia en el a\u00f1o 2000 siendo una empresa 100% Chihuahuense dedicada a dar una soluci\u00f3n integral a las necesidades de empaque del mercado nacional e internacional tanto en productos de cart\u00f3n corrugado como de otros materiales. Desde el<br \/><a class=\"btn_a\" href=\"https:\/\/www.tecnocorrugados.com\/site\/\"><span><i class=\"in_left fa fa-angle-right\"><\/i><span>Details<\/span><i class=\"in_right fa fa-angle-right\"><\/i><\/span><\/a><\/p>\n","protected":false},"author":1,"featured_media":0,"parent":0,"menu_order":0,"comment_status":"closed","ping_status":"open","template":"page-fullwidth.php","meta":{"footnotes":""},"class_list":["post-2","page","type-page","status-publish","hentry"],"_links":{"self":[{"href":"https:\/\/www.tecnocorrugados.com\/site\/index.php\/wp-json\/wp\/v2\/pages\/2"}],"collection":[{"href":"https:\/\/www.tecnocorrugados.com\/site\/index.php\/wp-json\/wp\/v2\/pages"}],"about":[{"href":"https:\/\/www.tecnocorrugados.com\/site\/index.php\/wp-json\/wp\/v2\/types\/page"}],"author":[{"embeddable":true,"href":"https:\/\/www.tecnocorrugados.com\/site\/index.php\/wp-json\/wp\/v2\/users\/1"}],"replies":[{"embeddable":true,"href":"https:\/\/www.tecnocorrugados.com\/site\/index.php\/wp-json\/wp\/v2\/comments?post=2"}],"version-history":[{"count":25,"href":"https:\/\/www.tecnocorrugados.com\/site\/index.php\/wp-json\/wp\/v2\/pages\/2\/revisions"}],"predecessor-version":[{"id":302,"href":"https:\/\/www.tecnocorrugados.com\/site\/index.php\/wp-json\/wp\/v2\/pages\/2\/revisions\/302"}],"wp:attachment":[{"href":"https:\/\/www.tecnocorrugados.com\/site\/index.php\/wp-json\/wp\/v2\/media?parent=2"}],"curies":[{"name":"wp","href":"https:\/\/api.w.org\/{rel}","templated":true}]}}