{"id":9,"date":"2017-08-30T13:08:08","date_gmt":"2017-08-30T19:08:08","guid":{"rendered":"http:\/\/www.tecnocorrugados.com\/site\/?page_id=9"},"modified":"2022-10-07T10:29:22","modified_gmt":"2022-10-07T16:29:22","slug":"quienes-somos","status":"publish","type":"page","link":"https:\/\/www.tecnocorrugados.com\/site\/index.php\/quienes-somos\/","title":{"rendered":"Quienes Somos"},"content":{"rendered":"<p>[vc_row][vc_column width=&#8221;2\/3&#8243; css=&#8221;.vc_custom_1504192542927{margin-top: 120px !important;}&#8221;][vc_custom_heading text=&#8221;\u00bfQui\u00e9nes Somos?&#8221; use_theme_fonts=&#8221;yes&#8221; el_class=&#8221;volteado&#8221;][vc_column_text css=&#8221;.vc_custom_1665159886881{margin-top: -200px !important;}&#8221; el_class=&#8221;margen&#8221;]Orgullosamente Chihuahuenses somos un grupo profesional de personas expertos en empaque que buscamos comprometernos con nuestros clientes, compa\u00f1eros, proveedores y comunidad a dar nuestro mejor esfuerzo para ofrecerles nuestros servicios.<\/p>\n<p>Actualmente atendemos a diversas ciudades dentro del estado; como Chihuahua, Cd. Ju\u00e1rez, Cuauht\u00e9moc, Delicias y Camargo; adem\u00e1s de seguir buscando nuevos mercados dentro de la Rep\u00fablica Mexicana.<\/p>\n<p>Contamos con maquinaria y equipo de alta tecnolog\u00eda, flotilla vehicular propia, varios CEDIS para almacenaje de producto terminado y equipos de prueba que nos permiten dar respuesta r\u00e1pida a nuestros clientes y tener una mejor planeaci\u00f3n en la log\u00edstica de embarques y flexibilidad en los esquemas de entregas para ajustarnos a las necesidades de nuestros clientes.[\/vc_column_text][\/vc_column][vc_column width=&#8221;1\/3&#8243;][vc_single_image image=&#8221;84&#8243; img_size=&#8221;full&#8221;][\/vc_column][\/vc_row][vc_row][vc_column width=&#8221;1\/2&#8243;][vc_column_text el_class=&#8221;margen borde&#8221;]Ofrecer al mercado productos de empaque de cart\u00f3n con el servicio y calidad requeridos por los clientes a un precio competitivo. Utilizando materias primas de calidad e involucrando a nuestra gente en el proceso de mejora continua.<br \/>\nLogrando con lo anterior un beneficio para nuestros clientes, empleados y accionistas; comprometi\u00e9ndonos con nuestra comunidad y el medio ambiente.[\/vc_column_text][vc_custom_heading text=&#8221;MISI\u00d3N&#8221; use_theme_fonts=&#8221;yes&#8221; el_class=&#8221;volteado4&#8243;][\/vc_column][vc_column width=&#8221;1\/2&#8243;][vc_column_text el_class=&#8221;margen borde2&#8243;]\u00b7 <strong>La dignidad<\/strong> de la persona, la confianza y el respeto a nuestros empleados.<\/p>\n<p>\u00b7 <strong>El esfuerzo<\/strong> para la mejora continua.<\/p>\n<p>\u00b7 <strong>La comunicaci\u00f3n<\/strong> abierta a todos los niveles de la organizaci\u00f3n.<\/p>\n<p>\u00b7 <strong>El compromiso<\/strong> con nuestros clientes, empleados y nuestra comunidad.<\/p>\n<p>\u00b7 <strong>La honestidad y lealtad<\/strong> de nuestra gente. .[\/vc_column_text][vc_custom_heading text=&#8221;VALORES&#8221; use_theme_fonts=&#8221;yes&#8221; el_class=&#8221;volteado2&#8243;][\/vc_column][\/vc_row][vc_row][vc_column width=&#8221;1\/4&#8243;][\/vc_column][vc_column width=&#8221;1\/2&#8243; css=&#8221;.vc_custom_1504196041515{margin-top: -70px !important;margin-left: -120px !important;}&#8221; el_class=&#8221;columnaV&#8221;][vc_custom_heading text=&#8221;VISI\u00d3N&#8221; use_theme_fonts=&#8221;yes&#8221; el_class=&#8221;volteado3&#8243;][vc_empty_space][vc_column_text el_class=&#8221;margen borde3&#8243;]Llegar a ser l\u00edder en el mercado regional de productos de cart\u00f3n, reconocidos por nuestro compromiso con el cliente y por la calidad de nuestros\u00a0productos y servicios.[\/vc_column_text][\/vc_column][vc_column width=&#8221;1\/4&#8243;][\/vc_column][\/vc_row][vc_row][vc_column][vc_column_text]<\/p>\n<h6 style=\"text-align: center;\">Contamos con certificaci\u00f3n ISO 9001:2015<\/h6>\n<p>[\/vc_column_text][vc_single_image image=&#8221;209&#8243; img_size=&#8221;200&#215;100&#8243; alignment=&#8221;center&#8221;][\/vc_column][\/vc_row]<\/p>\n","protected":false},"excerpt":{"rendered":"<p>[vc_row][vc_column width=&#8221;2\/3&#8243; css=&#8221;.vc_custom_1504192542927{margin-top: 120px !important;}&#8221;][vc_custom_heading text=&#8221;\u00bfQui\u00e9nes Somos?&#8221; use_theme_fonts=&#8221;yes&#8221; el_class=&#8221;volteado&#8221;][vc_column_text css=&#8221;.vc_custom_1665159886881{margin-top: -200px !important;}&#8221; el_class=&#8221;margen&#8221;]Orgullosamente Chihuahuenses somos un grupo profesional de personas expertos en empaque que buscamos comprometernos con nuestros clientes, compa\u00f1eros, proveedores y comunidad a dar nuestro mejor esfuerzo para ofrecerles nuestros servicios. Actualmente atendemos a diversas ciudades dentro del estado; como Chihuahua, Cd. Ju\u00e1rez, Cuauht\u00e9moc,<br \/><a class=\"btn_a\" href=\"https:\/\/www.tecnocorrugados.com\/site\/index.php\/quienes-somos\/\"><span><i class=\"in_left fa fa-angle-right\"><\/i><span>Details<\/span><i class=\"in_right fa fa-angle-right\"><\/i><\/span><\/a><\/p>\n","protected":false},"author":1,"featured_media":0,"parent":0,"menu_order":0,"comment_status":"closed","ping_status":"closed","template":"page-fullwidth.php","meta":{"footnotes":""},"class_list":["post-9","page","type-page","status-publish","hentry"],"_links":{"self":[{"href":"https:\/\/www.tecnocorrugados.com\/site\/index.php\/wp-json\/wp\/v2\/pages\/9"}],"collection":[{"href":"https:\/\/www.tecnocorrugados.com\/site\/index.php\/wp-json\/wp\/v2\/pages"}],"about":[{"href":"https:\/\/www.tecnocorrugados.com\/site\/index.php\/wp-json\/wp\/v2\/types\/page"}],"author":[{"embeddable":true,"href":"https:\/\/www.tecnocorrugados.com\/site\/index.php\/wp-json\/wp\/v2\/users\/1"}],"replies":[{"embeddable":true,"href":"https:\/\/www.tecnocorrugados.com\/site\/index.php\/wp-json\/wp\/v2\/comments?post=9"}],"version-history":[{"count":16,"href":"https:\/\/www.tecnocorrugados.com\/site\/index.php\/wp-json\/wp\/v2\/pages\/9\/revisions"}],"predecessor-version":[{"id":259,"href":"https:\/\/www.tecnocorrugados.com\/site\/index.php\/wp-json\/wp\/v2\/pages\/9\/revisions\/259"}],"wp:attachment":[{"href":"https:\/\/www.tecnocorrugados.com\/site\/index.php\/wp-json\/wp\/v2\/media?parent=9"}],"curies":[{"name":"wp","href":"https:\/\/api.w.org\/{rel}","templated":true}]}}